{"id":269,"date":"2023-12-21T10:06:59","date_gmt":"2023-12-21T08:06:59","guid":{"rendered":"https:\/\/theforeignoffice.net\/avis-legal\/"},"modified":"2024-02-01T14:00:15","modified_gmt":"2024-02-01T12:00:15","slug":"avis-legal","status":"publish","type":"page","link":"https:\/\/theforeignoffice.net\/es\/avis-legal\/","title":{"rendered":"Notas legales"},"content":{"rendered":"<p>The Foreign Office Ag\u00e8ncia Liter\u00e0ria S.L., con domicilio en Av. Josep Tarradellas 147, 2n 2a, 08029, Barcelona, y NIF B66444415, es titular de la p\u00e1gina web www.theforeignoffice.net.<\/p>\n<p>&nbsp;<\/p>\n<h2>Notas legales y condiciones de uso<\/h2>\n<p>&nbsp;<\/p>\n<p>Las condiciones de uso tienen la finalidad de facilitar al usuario informaci\u00f3n relativa a The Foreign Office Ag\u00e8ncia Liter\u00e0ria S.L., sus actividades y productos, noticias publicadas y sus diferentes \u00e1reas de negocio.<\/p>\n<p>www.theforeignoffice.net tiene car\u00e1cter informativo.<\/p>\n<p>&nbsp;<\/p>\n<p>Tanto la navegaci\u00f3n como el acceso a la informaci\u00f3n publicada en www.theforeignoffice.net suponen la aceptaci\u00f3n como usuario, sin reservas de ning\u00fan tipo, de todas y cada una de estas condiciones:<\/p>\n<p>&nbsp;<\/p>\n<p>The Foreign Office Ag\u00e8ncia Liter\u00e0ria S.L. podr\u00e1 denegar el acceso al sitio web a los usuarios que hagan un mal uso de los contenidos.<\/p>\n<p>&nbsp;<\/p>\n<p>El usuario se compromete a hacer un uso diligente del sitio web, as\u00ed como de la informaci\u00f3n contenida.<\/p>\n<p>&nbsp;<\/p>\n<p>El usuario tiene la obligaci\u00f3n del uso exclusivo del sitio web, y de todos sus contenidos, para fines l\u00edcitos y no prohibidos, que no infrinjan la legalidad vigente y\/o puedan resultar lesivos de los derechos leg\u00edtimos de The Foreign Office Ag\u00e8ncia Liter\u00e0ria S.L. o de un tercero y\/o que puedan causar da\u00f1os o perjuicios de manera directa o indirecta.<\/p>\n<p>&nbsp;<\/p>\n<h2>Contenidos y derechos de autor<\/h2>\n<p>&nbsp;<\/p>\n<p>Todos los contenidos que se publican a trav\u00e9s de este sitio web, los textos, fotograf\u00edas, gr\u00e1ficos, im\u00e1genes, iconos, tecnolog\u00eda, software, enlaces y otros contenidos audiovisuales o sonoros, as\u00ed como su dise\u00f1o gr\u00e1fico, c\u00f3digos fuente y cualquier otro material son propiedad de The Foreign Office Ag\u00e8ncia Liter\u00e0ria S.L. o de terceros que nos han autorizado a utilizarlos.<\/p>\n<p>&nbsp;<\/p>\n<p>El usuario se compromete a abstenerse de: reproducir, copiar, distribuir, transformar o modificar los contenidos. En este sentido, el usuario no podr\u00e1 suprimir, manipular ni alterar de ninguna otra manera el \u201ccopyright\u201d y otros datos identificativos de la reserva de derechos de The Foreign Office Ag\u00e8ncia Liter\u00e0ria S.L..<\/p>\n<p>&nbsp;<\/p>\n<p>El usuario se compromete a no transmitir, difundir o poner a disposici\u00f3n de terceros, informaciones, datos, contenidos, mensajes, gr\u00e1ficos, dibujos, archivos de sonido y\/o imagen, fotograf\u00edas, grabaciones, software y, en general, cualquier tipo de material propiedad de este sitio web, as\u00ed como a abstenerse de realizar actos que:<\/p>\n<p>&nbsp;<\/p>\n<ul>\n<li>Induzcan, inciten o promuevan actuaciones delictivas, difamatorias, violentas o, en general, contrarias a la ley.<\/li>\n<li>Constituyan, en su caso, publicidad il\u00edcita, enga\u00f1osa o desleal y, en general, que constituyan competencia desleal o vulneren las normas reguladoras de la protecci\u00f3n de datos de car\u00e1cter personal.<\/li>\n<li>Incorporen virus que puedan da\u00f1ar o impedir el funcionamiento normal del sitio web.<\/li>\n<\/ul>\n<p>El usuario responder\u00e1 de los da\u00f1os y perjuicios de todo tipo que The Foreign Office Ag\u00e8ncia Liter\u00e0ria S.L. pueda sufrir como consecuencia del incumplimiento de cualquiera de las obligaciones.<\/p>\n<p>&nbsp;<\/p>\n<h3>Exoneraci\u00f3n de responsabilidad de The Foreign Office Ag\u00e8ncia Liter\u00e0ria S.L.<\/h3>\n<p>&nbsp;<\/p>\n<p>The Foreign Office Ag\u00e8ncia Liter\u00e0ria S.L. no asumir\u00e1 ninguna responsabilidad:<\/p>\n<p>&nbsp;<\/p>\n<ul>\n<li>Por la utilizaci\u00f3n que los usuarios puedan hacer de los materiales de este sitio web, y\/o sitios web de enlace, ya sean prohibidos o permitidos, en infracci\u00f3n de los derechos de propiedad intelectual y\/o industrial de contenidos del sitio web o de terceros.<\/li>\n<li>Por los da\u00f1os y perjuicios a los usuarios causados por un funcionamiento normal o anormal de las herramientas de b\u00fasqueda, de la organizaci\u00f3n o la localizaci\u00f3n de los contenidos. En general, de los errores o problemas que se generen en el desarrollo o la instrumentaci\u00f3n de los elementos t\u00e9cnicos que el sitio web facilite al usuario.<\/li>\n<\/ul>\n<p>The Foreign Office Ag\u00e8ncia Liter\u00e0ria S.L. no garantiza:<\/p>\n<p>&nbsp;<\/p>\n<ul>\n<li>Que el acceso al sitio web, y\/o a los sitios web de enlace sea ininterrumpido o libre de errores.<\/li>\n<li>Que el contenido al que accedan los usuarios a trav\u00e9s del sitio web, no contenga ning\u00fan error u otros elementos en los contenidos que puedan producir alteraciones en su sistema.<\/li>\n<\/ul>\n<p>La informaci\u00f3n contenida en el sitio web debe ser considerada por los usuarios como divulgativa y orientadora, tanto en relaci\u00f3n con su finalidad como a sus efectos.<\/p>\n<p>&nbsp;<\/p>\n<h3>Pol\u00edtica de Privacidad: protecci\u00f3n de datos personales<\/h3>\n<p>&nbsp;<\/p>\n<p>Los usuarios se comprometen a navegar por el sitio web y a utilizar su contenido de buena fe.<\/p>\n<p>&nbsp;<\/p>\n<p>En cumplimiento de lo establecido en la normativa de protecci\u00f3n de datos vigente, as\u00ed como el reglamento Europeo de protecci\u00f3n de datos, le informamos que los datos de car\u00e1cter personal incorporados para el cumplimiento de cualquier formulario existente en este sitio web, ser\u00e1n tratados con la m\u00e1xima confidencialidad y formar\u00e1n parte de los ficheros propiedad de The Foreign Office Ag\u00e8ncia Liter\u00e0ria S.L. para su gesti\u00f3n y para dar respuesta, as\u00ed como para la gesti\u00f3n comercial que los vincule.<\/p>\n<p>&nbsp;<\/p>\n<p>Conforme a la legislaci\u00f3n vigente en materia de protecci\u00f3n de datos, The Foreign Office Ag\u00e8ncia Liter\u00e0ria S.L.\u00a0ha adoptado los niveles de seguridad adecuados a los datos facilitados por los usuarios y, adem\u00e1s, ha instalado todos los medios y medidas a su alcance para evitar la p\u00e9rdida, el mal uso, la alteraci\u00f3n, el acceso no autorizado y la extracci\u00f3n de los mismos.<\/p>\n<p>&nbsp;<\/p>\n<p>En cualquier momento y seg\u00fan establece la normativa vigente y el RGPD, los usuarios podr\u00e1n ejercer los derechos de acceso, rectificaci\u00f3n, supresi\u00f3n, limitaci\u00f3n y portabilidad y oposici\u00f3n de sus datos personales y revocar el consentimiento para las comunicaciones comerciales.<\/p>\n<p>&nbsp;<\/p>\n<h3>Uso de cookies<\/h3>\n<p>&nbsp;<\/p>\n<p>Para la utilizaci\u00f3n de este sitio web, es necesario el uso de cookies y peque\u00f1os archivos de datos. Las cookies se utilizan con la finalidad de mejorar el servicio prestado por The Foreign Office Ag\u00e8ncia Liter\u00e0ria S.L.\u00a0y son aceptadas por el usuario en el momento de acceder al sitio web. En ning\u00fan caso se almacenar\u00e1 ning\u00fan tipo de informaci\u00f3n personal relativa a los usuarios y toda la informaci\u00f3n obtenida ser\u00e1 an\u00f3nima.<\/p>\n<p>&nbsp;<\/p>\n<h3>Propiedad intelectual e industrial<\/h3>\n<p>&nbsp;<\/p>\n<p>The Foreign Office Ag\u00e8ncia Liter\u00e0ria S.L. posee todos los derechos sobre el contenido, el dise\u00f1o, el c\u00f3digo fuente del sitio web, fotograf\u00edas, im\u00e1genes, textos, logotipos, dise\u00f1os, marcas, nombres comerciales y datos que se incluyan en el sitio web.<\/p>\n<p>&nbsp;<\/p>\n<p>Queda expresamente prohibida la reproducci\u00f3n total o parcial del sitio web, ni de ninguno de sus contenidos, sin el permiso expreso de The Foreign Office Ag\u00e8ncia Liter\u00e0ria S.L..<\/p>\n<p>&nbsp;<\/p>\n<h3>Gu\u00eda de uso seguro<\/h3>\n<p>&nbsp;<\/p>\n<p>No utilice enlaces incorporados en mensajes de correo electr\u00f3nico o p\u00e1ginas web de terceros para acceder a este sitio web. Peri\u00f3dicamente se detectan env\u00edos de correos masivos indiscriminados, desde direcciones electr\u00f3nicas falsas, con el \u00fanico objetivo de obtener informaci\u00f3n confidencial de los usuarios. Esta t\u00e9cnica se conoce con el nombre de \u201cPHISHING\u201d. The Foreign Office Ag\u00e8ncia Liter\u00e0ria S.L. declina cualquier responsabilidad ajena a este respecto.<\/p>\n","protected":false},"excerpt":{"rendered":"<p>The Foreign Office Ag\u00e8ncia Liter\u00e0ria S.L., con domicilio en Av. Josep Tarradellas 147, 2n 2a, 08029, Barcelona, y NIF B66444415, es titular de la p\u00e1gina web www.theforeignoffice.net. &nbsp; Notas legales y condiciones de uso &nbsp; Las condiciones de uso tienen la finalidad de facilitar al usuario informaci\u00f3n relativa a The Foreign Office Ag\u00e8ncia Liter\u00e0ria S.L., [&hellip;]<\/p>\n","protected":false},"author":1,"featured_media":0,"parent":0,"menu_order":14,"comment_status":"closed","ping_status":"closed","template":"app-templates\/page-legal.php","meta":{"footnotes":""},"class_list":["post-269","page","type-page","status-publish","hentry"],"acf":[],"_links":{"self":[{"href":"https:\/\/theforeignoffice.net\/es\/wp-json\/wp\/v2\/pages\/269","targetHints":{"allow":["GET"]}}],"collection":[{"href":"https:\/\/theforeignoffice.net\/es\/wp-json\/wp\/v2\/pages"}],"about":[{"href":"https:\/\/theforeignoffice.net\/es\/wp-json\/wp\/v2\/types\/page"}],"author":[{"embeddable":true,"href":"https:\/\/theforeignoffice.net\/es\/wp-json\/wp\/v2\/users\/1"}],"replies":[{"embeddable":true,"href":"https:\/\/theforeignoffice.net\/es\/wp-json\/wp\/v2\/comments?post=269"}],"version-history":[{"count":8,"href":"https:\/\/theforeignoffice.net\/es\/wp-json\/wp\/v2\/pages\/269\/revisions"}],"predecessor-version":[{"id":1604,"href":"https:\/\/theforeignoffice.net\/es\/wp-json\/wp\/v2\/pages\/269\/revisions\/1604"}],"wp:attachment":[{"href":"https:\/\/theforeignoffice.net\/es\/wp-json\/wp\/v2\/media?parent=269"}],"curies":[{"name":"wp","href":"https:\/\/api.w.org\/{rel}","templated":true}]}}