{"id":267,"date":"2023-12-21T10:05:48","date_gmt":"2023-12-21T08:05:48","guid":{"rendered":"https:\/\/theforeignoffice.net\/politica-de-cookies\/"},"modified":"2024-01-18T13:59:16","modified_gmt":"2024-01-18T11:59:16","slug":"politica-de-cookies","status":"publish","type":"page","link":"https:\/\/theforeignoffice.net\/es\/politica-de-cookies\/","title":{"rendered":"Pol\u00edtica de Cookies"},"content":{"rendered":"<p>Las cookies o dispositivo de almacenamiento y recuperaci\u00f3n de datos, es un archivo enviado por una p\u00e1gina web al navegador del usuario y que se almacena autom\u00e1ticamente en el terminal de este para que la p\u00e1gina web en cuesti\u00f3n pueda consultar la actividad previa del usuario y \u201creconocerlo\u201d.<\/p>\n<p>&nbsp;<\/p>\n<p>Las cookies pueden recordar otros tipos de informaci\u00f3n personal, como la contrase\u00f1a de un usuario, de manera que no tenga que volver a escribirla cada vez que visita la misma web, o sus preferencias en cuanto a la configuraci\u00f3n de la p\u00e1gina web.<\/p>\n<p>&nbsp;<\/p>\n<p>Las cookies son esenciales para el funcionamiento de Internet, ya que aportan innumerables ventajas en la prestaci\u00f3n de servicios interactivos, facilitando la navegaci\u00f3n y la usabilidad de la web. Las cookies no pueden da\u00f1ar su equipo, y tenerlas activadas ayuda a identificar y resolver errores.<\/p>\n<p>&nbsp;<\/p>\n<p>Cookies utilizadas en nuestra p\u00e1gina web:<\/p>\n<p>&nbsp;<\/p>\n<h4>Cookies de sesi\u00f3n<\/h4>\n<p>Son un tipo de cookies dise\u00f1adas para captar y almacenar datos mientras el usuario accede a una p\u00e1gina web y caducan cuando termina la sesi\u00f3n. La informaci\u00f3n obtenida mediante estas cookies sirve para analizar patrones de tr\u00e1fico en la web. A la larga, esto permite proporcionar una mejor experiencia al mejorar el contenido y facilitar su uso.<\/p>\n<p>&nbsp;<\/p>\n<h4>Cookies anal\u00edticas<\/h4>\n<p>Son aquellas que permiten al responsable el seguimiento y an\u00e1lisis del comportamiento de los usuarios de los sitios web a los que est\u00e1n vinculadas.<\/p>\n<p>&nbsp;<\/p>\n<p>Este sitio web utiliza cookies anal\u00edticas para asegurar una mejor experiencia.<\/p>\n<p>Aplicaciones utilizadas:<\/p>\n<p>&nbsp;<\/p>\n<h4>Servicio<\/h4>\n<p>Google Analytics<\/p>\n<p>&nbsp;<\/p>\n<h4>Proveedor<\/h4>\n<p>Google<\/p>\n<p>&nbsp;<\/p>\n<h4>M\u00e1s informaci\u00f3n<\/h4>\n<p><a href=\"http:\/\/www.google.es\/intl\/es\/policies\/\" target=\"_blank\" rel=\"noopener\">http:\/\/www.google.es\/intl\/es\/policies\/ (1)<\/a><\/p>\n<p>&nbsp;<\/p>\n<h4>_utma: Google Analytics<\/h4>\n<p>La cookie genera un ID de usuario \u00fanico que registra la fecha, la primera vez que el usuario visita la web. Se utiliza para contar las visitas del usuario a la web. Duraci\u00f3n de 2 a\u00f1os.<\/p>\n<p>&nbsp;<\/p>\n<h4>_utmb: Google Analytics<\/h4>\n<p>Conocer el tiempo que el usuario permanece en la p\u00e1gina. Caduca a los 30 minutos desde la \u00faltima actualizaci\u00f3n. Se elimina al cambiar de web o cerrar el navegador.<\/p>\n<p>&nbsp;<\/p>\n<h4>_utmc: Google Analytics<\/h4>\n<p>Conocer el tiempo de visita del usuario en la web, en la que est\u00e1 instalado el c\u00f3digo de seguimiento urchin.js. Caduca al cerrar el explorador.<\/p>\n<p>&nbsp;<\/p>\n<h4>.texto: Cookie t\u00e9cnica<\/h4>\n<p>Se encarga de conocer si se ha le\u00eddo la pol\u00edtica de cookies y se ha aceptado su uso. La informaci\u00f3n no aparecer\u00e1 en sucesivas visitas a la web. Caduca a los 365 d\u00edas despu\u00e9s de que el usuario acepte la pol\u00edtica de cookies.<\/p>\n<p>&nbsp;<\/p>\n<h4>_utmz: Google Analytics<\/h4>\n<p>Almacena el origen del visitante y el camino que ha seguido. Ya sea empleando enlaces o Adwords. Caduca a los 6 meses. La cookie se actualiza cada vez que se accede a la web.<\/p>\n<p>&nbsp;<\/p>\n<p>Todos los navegadores de Internet permiten limitar el comportamiento de una cookie o desactivarlas dentro de la configuraci\u00f3n o las opciones del navegador. Los pasos para hacerlo son diferentes para cada navegador. Puedes encontrar las instrucciones en el men\u00fa de ayuda de tu navegador.<\/p>\n<p>&nbsp;<\/p>\n<p>De igual manera, el usuario puede activar, dependiendo del navegador que utilice, cualquiera de las siguientes opciones para limitar el alcance de las cookies instaladas o su funcionamiento. Navegaci\u00f3n privada, su navegador deja de almacenar el historial de navegaci\u00f3n, contrase\u00f1as de sitios web y cookies.<\/p>\n<p>&nbsp;<\/p>\n<p>Dependiendo de cada navegador, el modo privado puede tener diferentes nombres. A continuaci\u00f3n, se encuentra una lista de los navegadores m\u00e1s comunes con un enlace a la configuraci\u00f3n de cookies y los diferentes nombres de este \u00abmodo privado\u00bb:<\/p>\n<p>&nbsp;<\/p>\n<h4>Internet Explorer 8 y superior; InPrivate<\/h4>\n<p>http:\/\/windows.microsoft.com\/es-es\/windows-vista\/block-or-allow-cookies<\/p>\n<p>&nbsp;<\/p>\n<h4>Safari 2 y superior; Navegaci\u00f3n Privada<\/h4>\n<p>http:\/\/support.apple.com\/kb\/ht1677?viewlocale=es_es&#038;locale=es_es<\/p>\n<p>&nbsp;<\/p>\n<h4>Opera 10.5 y superior; Navegaci\u00f3n Privada<\/h4>\n<p>http:\/\/help.opera.com\/Windows\/11.50\/es-ES\/cookies.html<\/p>\n<p>&nbsp;<\/p>\n<h4>FireFox 3.5 y superior; Navegaci\u00f3n Privada<\/h4>\n<p>http:\/\/support.mozilla.org\/es\/kb\/habilitar-y-deshabilitar-cookies-que-los-sitios-we<\/p>\n<p>&nbsp;<\/p>\n<h4>Google Chrome 10 y superior; Inc\u00f3gnito<\/h4>\n<p>https:\/\/support.google.com\/chrome\/answer\/95647?hl=es<\/p>\n<p>&nbsp;<\/p>\n<p>Finalmente, le informamos que tiene la posibilidad de revocar en cualquier momento el consentimiento otorgado para la utilizaci\u00f3n de cookies por parte de (nombre de la empresa, S.L.), configurando su navegador en los t\u00e9rminos previstos en el punto anterior.<\/p>\n","protected":false},"excerpt":{"rendered":"<p>Las cookies o dispositivo de almacenamiento y recuperaci\u00f3n de datos, es un archivo enviado por una p\u00e1gina web al navegador del usuario y que se almacena autom\u00e1ticamente en el terminal de este para que la p\u00e1gina web en cuesti\u00f3n pueda consultar la actividad previa del usuario y \u201creconocerlo\u201d. &nbsp; Las cookies pueden recordar otros tipos [&hellip;]<\/p>\n","protected":false},"author":1,"featured_media":0,"parent":0,"menu_order":17,"comment_status":"closed","ping_status":"closed","template":"app-templates\/page-legal.php","meta":{"footnotes":""},"class_list":["post-267","page","type-page","status-publish","hentry"],"acf":[],"_links":{"self":[{"href":"https:\/\/theforeignoffice.net\/es\/wp-json\/wp\/v2\/pages\/267","targetHints":{"allow":["GET"]}}],"collection":[{"href":"https:\/\/theforeignoffice.net\/es\/wp-json\/wp\/v2\/pages"}],"about":[{"href":"https:\/\/theforeignoffice.net\/es\/wp-json\/wp\/v2\/types\/page"}],"author":[{"embeddable":true,"href":"https:\/\/theforeignoffice.net\/es\/wp-json\/wp\/v2\/users\/1"}],"replies":[{"embeddable":true,"href":"https:\/\/theforeignoffice.net\/es\/wp-json\/wp\/v2\/comments?post=267"}],"version-history":[{"count":3,"href":"https:\/\/theforeignoffice.net\/es\/wp-json\/wp\/v2\/pages\/267\/revisions"}],"predecessor-version":[{"id":410,"href":"https:\/\/theforeignoffice.net\/es\/wp-json\/wp\/v2\/pages\/267\/revisions\/410"}],"wp:attachment":[{"href":"https:\/\/theforeignoffice.net\/es\/wp-json\/wp\/v2\/media?parent=267"}],"curies":[{"name":"wp","href":"https:\/\/api.w.org\/{rel}","templated":true}]}}