{"id":162,"date":"2023-12-21T10:06:59","date_gmt":"2023-12-21T08:06:59","guid":{"rendered":"https:\/\/theforeignoffice.net\/?page_id=162"},"modified":"2024-01-22T18:49:16","modified_gmt":"2024-01-22T16:49:16","slug":"avis-legal","status":"publish","type":"page","link":"https:\/\/theforeignoffice.net\/ca\/avis-legal\/","title":{"rendered":"Notes legals"},"content":{"rendered":"<p>The Foreign Office Ag\u00e8ncia Liter\u00e0ria S.L., amb domicili a Avinguda Josep Tarradellas 147, 2n 2a, 08029, Barcelona i NIF B66444415, \u00e9s titular de la p\u00e0gina web www.theforeignoffice.net.<\/p>\n<p>&nbsp;<\/p>\n<h2>Notes legals i condicions d\u2019\u00fas<\/h2>\n<p>&nbsp;<\/p>\n<p>Les condicions d\u2019\u00fas, tenen la finalitat de facilitar a l\u2019usuari informaci\u00f3 relativa a The Foreign Office Ag\u00e8ncia Liter\u00e0ria S.L., les seves activitats i productes, not\u00edcies publicades, i les seves diferents \u00e0rees de negoci.<br \/>\nwww.theforeignoffice.net t\u00e9 car\u00e0cter informatiu.<\/p>\n<p>&nbsp;<\/p>\n<p>Tant la navegaci\u00f3 com l\u2019acc\u00e9s a la informaci\u00f3 publicada a www.theforeignoffice.net suposen l\u2019acceptaci\u00f3 com a usuari, sense reserves de cap mena, de totes i cadascuna d\u2019aquestes condicions:<\/p>\n<p>&nbsp;<\/p>\n<p>The Foreign Office Ag\u00e8ncia Liter\u00e0ria S.L. podr\u00e0 denegar l\u2019acc\u00e9s al web als usuaris que facin un mal \u00fas dels continguts.<\/p>\n<p>&nbsp;<\/p>\n<p>L\u2019usuari es compromet a fer un \u00fas diligent del web, com tamb\u00e9 de la informaci\u00f3 continguda.<\/p>\n<p>&nbsp;<\/p>\n<p>L\u2019usuari t\u00e9 l\u2019obligaci\u00f3 a l\u2019\u00fas exclusiu del web, i de tots els seus continguts, per a finalitats l\u00edcites i no prohibides, que no infringeixin la legalitat vigent i\/o puguin resultar lesives dels drets leg\u00edtims de The Foreign Office Ag\u00e8ncia Liter\u00e0ria S.L. o d\u2019un tercer i\/o que puguin causar danys o perjudicis de manera directa o indirecta.<\/p>\n<p>&nbsp;<\/p>\n<h2>Continguts i copyright<\/h2>\n<p>&nbsp;<\/p>\n<p>Tots els continguts que es publiquen a trav\u00e9s d\u2019aquest web, els textos, fotografies, gr\u00e0fics, imatges, icones, tecnologia, programari, links i altres continguts audiovisuals o sonors, com tamb\u00e9 el seu disseny gr\u00e0fic, codis font i qualsevol altre material s\u00f3n titularitat de The Foreign Office Ag\u00e8ncia Liter\u00e0ria S.L. o de tercers que ens han autoritzat a utilitzar-los.<\/p>\n<p>&nbsp;<\/p>\n<p>L\u2019usuari es compromet a abstenir-se de: reproduir, copiar, distribuir, transformar o modificar els continguts. En aquest sentit, l\u2019usuari no podr\u00e0 suprimir, manipular ni alterar de cap altra manera el \u201ccopyright\u201d i altres dades identificatives de la reserva de drets de The Foreign Office Ag\u00e8ncia Liter\u00e0ria S.L..<\/p>\n<p>&nbsp;<\/p>\n<p>L\u2019usuari es compromet, a no transmetre, difondre o posar a disposici\u00f3 de tercers, informacions, dades, continguts, missatges, gr\u00e0fics, dibuixos, arxius de so i\/o imatge, fotografies, gravacions, software i, en general, qualsevol tipus de material propietat d\u2019aquest web, com tamb\u00e9 a abstenir-se de realitzar actes que:<\/p>\n<p>&nbsp;<\/p>\n<ul>\n<li>Indueixin, incitin o promoguin actuacions delictives, difamat\u00f2ries, violentes o, en general, contr\u00e0ries a la llei.<\/li>\n<li>Constitueixin, si escau, publicitat il\u00b7l\u00edcita, enganyosa o deslleial i, en general, que constitueixin compet\u00e8ncia deslleial o vulnerin les normes reguladores de la protecci\u00f3 de dades de car\u00e0cter personal.<\/li>\n<li>Incorporin virus que puguin danyar o impedir el funcionament normal del web.<\/li>\n<\/ul>\n<p>&nbsp;<\/p>\n<p>L\u2019usuari respondr\u00e0 dels danys i perjudicis de tot tipus que The Foreign Office Ag\u00e8ncia Liter\u00e0ria S.L. pugui patir com a conseq\u00fc\u00e8ncia de l\u2019incompliment de qualsevol de les obligacions.<\/p>\n<p>&nbsp;<\/p>\n<h3>Exoneraci\u00f3 de responsabilitat de The Foreign Office Ag\u00e8ncia Liter\u00e0ria S.L.<\/h3>\n<p>&nbsp;<\/p>\n<p>The Foreign Office Ag\u00e8ncia Liter\u00e0ria S.L. no assumir\u00e0 cap responsabilitat:<\/p>\n<p>&nbsp;<\/p>\n<ul>\n<li>Per la utilitzaci\u00f3 que els usuaris puguin fer dels materials d\u2019aquest web, i\/o webs d\u2019enlla\u00e7, ja siguin prohibits o permesos, en infracci\u00f3 dels drets de propietat intel\u00b7lectual i\/o industrial de continguts del web o de tercers.<\/li>\n<li>Pels danys i perjudicis als usuaris causats per un funcionament normal o anormal de les eines de cerca, de l\u2019organitzaci\u00f3 o la localitzaci\u00f3 dels continguts. En general, dels errors o problemes que es generin en el desenvolupament o la instrumentaci\u00f3 dels elements t\u00e8cnics que el web faciliti a l\u2019usuari.<\/li>\n<\/ul>\n<p>&nbsp;<\/p>\n<p>The Foreign Office Ag\u00e8ncia Liter\u00e0ria S.L. no garanteix:<\/p>\n<p>&nbsp;<\/p>\n<ul>\n<li>Que l\u2019acc\u00e9s al web, i\/o als webs d\u2019enlla\u00e7 sigui ininterromput o doni error.<\/li>\n<li>Que el contingut al qual accedeixin els usuaris a trav\u00e9s del web, no contingui cap error o altres elements en els continguts que puguin produir alteracions en el seu sistema.<\/li>\n<\/ul>\n<p>&nbsp;<\/p>\n<p>La informaci\u00f3 continguda en el web ha de ser considerada pels usuaris com a divulgativa i orientadora, tant en relaci\u00f3 amb la seva finalitat com als seus efectes.<\/p>\n<p>&nbsp;<\/p>\n<h3>Pol\u00edtica de Privacitat: protecci\u00f3 de dades personals<\/h3>\n<p>&nbsp;<\/p>\n<p>Els usuaris es comprometen a navegar per la p\u00e0gina web i a utilitzar-ne el contingut de bona fe.<\/p>\n<p>&nbsp;<\/p>\n<p>En compliment d\u2019all\u00f2 que estableix la normativa de protecci\u00f3 de dades en vigor, com tamb\u00e9 el reglament Europeu de protecci\u00f3 de dades, li fem saber que les dades de car\u00e0cter personal incorporades per a l\u2019emplenament de qualsevol formulari existent en aquest web, seran tractades amb la m\u00e0xima confidencialitat i formaran part dels fitxers propietat de The Foreign Office Ag\u00e8ncia Liter\u00e0ria S.L. per a la seva gesti\u00f3 i per donar-hi resposta, com tamb\u00e9 per a la gesti\u00f3 comercial que els vinculi.<\/p>\n<p>&nbsp;<\/p>\n<p>Conforme a la legislaci\u00f3 vigent en mat\u00e8ria de protecci\u00f3 de dades, The Foreign Office Ag\u00e8ncia Liter\u00e0ria S.L. ha adoptat els nivells de seguretat adequats a les dades facilitades pels usuaris i, a m\u00e9s, ha instal\u00b7lat tots els mitjans i mesures al seu abast per evitar la p\u00e8rdua, el mal \u00fas, l\u2019alteraci\u00f3, l\u2019acc\u00e9s no autoritzat i l\u2019extracci\u00f3 de les mateixes.<\/p>\n<p>&nbsp;<\/p>\n<p>En qualsevol moment i segons estableix la normativa en vigor i l\u2019RGPD, els usuaris podran exercitar els drets d\u2019acc\u00e9s, rectificaci\u00f3, supressi\u00f3, limitaci\u00f3 i portabilitat i oposici\u00f3 de les seves dades personals i revocar el consentiment per a les comunicacions comercials.<\/p>\n<p>&nbsp;<\/p>\n<h3>Utilitzaci\u00f3 de cookies<\/h3>\n<p>&nbsp;<\/p>\n<p>Per a la utilitzaci\u00f3 d\u2019aquest web, \u00e9s necessari l\u2019\u00fas de cookies i petits fitxers de dades. Les galetes s\u2019utilitzen amb la finalitat de millorar el servei prestat per The Foreign Office Ag\u00e8ncia Liter\u00e0ria S.L. i s\u00f3n acceptades per l\u2019usuari en el moment d\u2019accedir al web. En cap cas no s\u2019emmagatzemar\u00e0 cap tipus d\u2019informaci\u00f3 personal relativa als usuaris i tota la informaci\u00f3 obtinguda ser\u00e0 an\u00f2nima.<\/p>\n<p>&nbsp;<\/p>\n<h3>Propietat intel\u00b7lectual i industrial<\/h3>\n<p>&nbsp;<\/p>\n<p>The Foreign Office Ag\u00e8ncia Liter\u00e0ria S.L. t\u00e9 tots els drets sobre el contingut, el disseny, el codi font del web, fotografies, imatges, textos, logos, dissenys, marques, noms comercials i dades que s\u2019inclouen al web.<\/p>\n<p>&nbsp;<\/p>\n<p>Queda expressament prohibida la reproducci\u00f3 total o parcial del web, ni de cap dels seus continguts, sense el perm\u00eds de The Foreign Office Ag\u00e8ncia Liter\u00e0ria S.L.<\/p>\n<p>&nbsp;<\/p>\n<h3>Guia d\u2019\u00fas segur<\/h3>\n<p>&nbsp;<\/p>\n<p>No utilitzi enlla\u00e7os incorporats en missatges de correu electr\u00f2nic o p\u00e0gines web de tercers per accedir a aquest web. Peri\u00f2dicament es detecten trameses de correus massius indiscriminats, des d\u2019adreces electr\u00f2niques falses, amb l\u2019\u00fanic objectiu d\u2019aconseguir informaci\u00f3 confidencial dels usuaris. Aquesta t\u00e8cnica es coneix amb el nom de \u201cPHISHING\u201d. The Foreign Office Ag\u00e8ncia Liter\u00e0ria S.L. declina qualsevol responsabilitat aliena a aquest respecte.<\/p>\n","protected":false},"excerpt":{"rendered":"<p>The Foreign Office Ag\u00e8ncia Liter\u00e0ria S.L., amb domicili a Avinguda Josep Tarradellas 147, 2n 2a, 08029, Barcelona i NIF B66444415, \u00e9s titular de la p\u00e0gina web www.theforeignoffice.net. &nbsp; Notes legals i condicions d\u2019\u00fas &nbsp; Les condicions d\u2019\u00fas, tenen la finalitat de facilitar a l\u2019usuari informaci\u00f3 relativa a The Foreign Office Ag\u00e8ncia Liter\u00e0ria S.L., les seves [&hellip;]<\/p>\n","protected":false},"author":1,"featured_media":0,"parent":0,"menu_order":16,"comment_status":"closed","ping_status":"closed","template":"app-templates\/page-legal.php","meta":{"footnotes":""},"class_list":["post-162","page","type-page","status-publish","hentry"],"acf":[],"_links":{"self":[{"href":"https:\/\/theforeignoffice.net\/ca\/wp-json\/wp\/v2\/pages\/162","targetHints":{"allow":["GET"]}}],"collection":[{"href":"https:\/\/theforeignoffice.net\/ca\/wp-json\/wp\/v2\/pages"}],"about":[{"href":"https:\/\/theforeignoffice.net\/ca\/wp-json\/wp\/v2\/types\/page"}],"author":[{"embeddable":true,"href":"https:\/\/theforeignoffice.net\/ca\/wp-json\/wp\/v2\/users\/1"}],"replies":[{"embeddable":true,"href":"https:\/\/theforeignoffice.net\/ca\/wp-json\/wp\/v2\/comments?post=162"}],"version-history":[{"count":5,"href":"https:\/\/theforeignoffice.net\/ca\/wp-json\/wp\/v2\/pages\/162\/revisions"}],"predecessor-version":[{"id":814,"href":"https:\/\/theforeignoffice.net\/ca\/wp-json\/wp\/v2\/pages\/162\/revisions\/814"}],"wp:attachment":[{"href":"https:\/\/theforeignoffice.net\/ca\/wp-json\/wp\/v2\/media?parent=162"}],"curies":[{"name":"wp","href":"https:\/\/api.w.org\/{rel}","templated":true}]}}