{"id":160,"date":"2023-12-21T10:05:48","date_gmt":"2023-12-21T08:05:48","guid":{"rendered":"https:\/\/theforeignoffice.net\/?page_id=160"},"modified":"2024-01-18T13:59:07","modified_gmt":"2024-01-18T11:59:07","slug":"politica-de-cookies","status":"publish","type":"page","link":"https:\/\/theforeignoffice.net\/ca\/politica-de-cookies\/","title":{"rendered":"Pol\u00edtica de Cookies"},"content":{"rendered":"<p>Les cookies o dispositiu d\u2019emmagatzematge i recuperaci\u00f3 de dades, \u00e9s un fitxer enviat per una p\u00e0gina web al navegador de l\u2019usuari i que s\u2019emmagatzema autom\u00e0ticament en el terminal d\u2019aquest perqu\u00e8 la p\u00e0gina web en q\u00fcesti\u00f3 pugui consultar l\u2019activitat pr\u00e8via de l\u2019usuari i \u201crecon\u00e8ixer-lo\u201d.<\/p>\n<p>&nbsp;<\/p>\n<p>Les cookies poden recordar altres tipus d\u2019informaci\u00f3 personal, com ara la contrasenya d\u2019un usuari, de manera que no l\u2019hagi de tornar a escriure cada cop que visita el mateix web, o les seves prefer\u00e8ncies pel que fa a la configuraci\u00f3 de la p\u00e0gina web.<\/p>\n<p>&nbsp;<\/p>\n<p>Les cookies s\u00f3n essencials per al funcionament d\u2019Internet, at\u00e8s que aporten innumerables avantatges en la prestaci\u00f3 de serveis interactius, tot facilitant la navegaci\u00f3 i la usabilitat del web. Les cookies no poden fer mal al seu equip, i tenir-les activades ajuda a identificar i resoldre errors.<\/p>\n<p>&nbsp;<\/p>\n<p>Cookies utilitzades a la nostra p\u00e0gina web:<\/p>\n<p>&nbsp;<\/p>\n<h4>Cookies de sessi\u00f3<\/h4>\n<p>S\u00f3n un tipus de cookies dissenyades per captar i emmagatzemar dades mentre l\u2019usuari accedeix a una p\u00e0gina web i caduquen quan acaba la sessi\u00f3. La informaci\u00f3 obtinguda per mitj\u00e0 d\u2019aquestes cookies serveix per analitzar pautes de tr\u00e0fic al web. A la llarga, aix\u00f2 permet proporcionar una experi\u00e8ncia millor per millorar el contingut i facilitar-ne l\u2019\u00fas.<\/p>\n<p>&nbsp;<\/p>\n<h4>Cookies anal\u00edtiques<\/h4>\n<p>S\u00f3n les que permeten al responsable el seguiment i l\u2019an\u00e0lisi del comportament dels usuaris dels llocs web als quals estan vinculades.<\/p>\n<p>&nbsp;<\/p>\n<p>Aquest web utilitza cookies anal\u00edtiques per assegurar una millor experi\u00e8ncia.<br \/>\nAplicacions utilitzades:<\/p>\n<p>&nbsp;<\/p>\n<h4>Servei<\/h4>\n<p>Google Analytics<\/p>\n<p>&nbsp;<\/p>\n<h4>Prove\u00efdor<\/h4>\n<p>Google<\/p>\n<p>&nbsp;<\/p>\n<h4>M\u00e9s informaci\u00f3<\/h4>\n<p><a href=\"http:\/\/www.google.es\/intl\/es\/policies\/\" target=\"_blank\" rel=\"noopener\">http:\/\/www.google.es\/intl\/es\/policies\/ (1)<\/a><\/p>\n<p>&nbsp;<\/p>\n<h4>_utma: Google Analytics<\/h4>\n<p>La cookie genera un ID d\u2019usuari \u00fanic que registra la data, la primera vegada que l\u2019usuari visita el web. S\u2019utilitza per fer recompte de les visites de l\u2019usuari al web. Durada de 2 anys<\/p>\n<p>&nbsp;<\/p>\n<h4>_utmb: Google Analytics<\/h4>\n<p>Conocer el tiempo que el usuario permanece en la p\u00e1gina. Caduca a los 30 minutos desde la \u00faltima actualizaci\u00f3n. Se elimina a cambiar de web o cerrar el navegador<\/p>\n<p>&nbsp;<\/p>\n<h4>_utmc: Google Analytics<\/h4>\n<p>Conocer el tiempo de visita del usuario en la web, en la que est\u00e1 instalado el c\u00f3digo de seguimiento urchin.js. Caduca cuando se cierra el explorador.<\/p>\n<p>&nbsp;<\/p>\n<h4>.texto: Cookie t\u00e9cnica<\/h4>\n<p>&nbsp;<\/p>\n<p>Se encarga de conocer si se ha le\u00eddo la pol\u00edtica de cookies y se ha aceptado su uso. La informaci\u00f3n no aparecer\u00e1 en sucesivas visitas a la web. Caduca 365 d\u00edas despu\u00e9s de que el usuario acepte la pol\u00edtica de cookies<\/p>\n<p>&nbsp;<\/p>\n<h4>_utmz: Google Analytics<\/h4>\n<p>Almacena el origen del visitante y el acceso que ha seguido. Ya sea empleando links o Adwords. Caduca a los 6 meses. La cookie se actualiza cada vez que se accede a la web<\/p>\n<p>&nbsp;<\/p>\n<p>Tots els navegadors d\u2019Internet permeten limitar el comportament d\u2019una cookie o desactivar-les dins de la configuraci\u00f3 o les opcions del navegador. Les passes per fer-ho s\u00f3n diferents per a cada navegador. Pots trobar les instruccions en el men\u00fa d\u2019ajuda del navegador.<\/p>\n<p>&nbsp;<\/p>\n<p>De la mateixa manera, l\u2019usuari pot activar, segons el navegador utilitzat, qualsevol de les seg\u00fcents opcions per limitar l\u2019abast de les cookies instal\u00b7lades o el seu funcionament. Navegaci\u00f3 privada, el seu navegador deixa de desar l\u2019historial de navegaci\u00f3, contrasenyes de llocs web i cookies.<\/p>\n<p>&nbsp;<\/p>\n<p>Depenent de cada navegador, el mode privat pot tenir diferents noms. A continuaci\u00f3 es pot trobar una llista dels navegadors m\u00e9s comuns amb un enlla\u00e7 a la configuraci\u00f3 de cookies i els diferents noms d\u2019aquest \u201cmode privat\u201d:<\/p>\n<p>&nbsp;<\/p>\n<h4>Internet Explorer 8 i superior; InPrivate<\/h4>\n<p>http:\/\/windows.microsoft.com\/es-es\/windows-vista\/block-or-allow-cookies<\/p>\n<p>&nbsp;<\/p>\n<h4>Safari 2 i superior; Navegaci\u00f3 Privada<\/h4>\n<p>http:\/\/support.apple.com\/kb\/ht1677?viewlocale=es_es&#038;locale=es_es<\/p>\n<p>&nbsp;<\/p>\n<h4>Opera 10.5 i superior; Navegaci\u00f3 Privada<\/h4>\n<p>http:\/\/help.opera.com\/Windows\/11.50\/es-ES\/cookies.html<\/p>\n<p>&nbsp;<\/p>\n<h4>FireFox 3.5 i superior; Navegaci\u00f3 Privada<\/h4>\n<p>http:\/\/support.mozilla.org\/es\/kb\/habilitar-y-deshabilitar-cookies-que-los-sitios-we<\/p>\n<p>&nbsp;<\/p>\n<h4>Google Chrome 10 i superior; Inc\u00f2gnit<\/h4>\n<p>https:\/\/support.google.com\/chrome\/answer\/95647?hl=es<\/p>\n<p>&nbsp;<\/p>\n<p>Finalment, li fem saber que t\u00e9 la possibilitat de revocar en qualsevol moment el consentiment prestat per a la utilitzaci\u00f3 de cookies per part de (nom empresa, S.L.), configurant en aquest sentit el seu navegador en els termes previstos al punt anterior.<\/p>\n","protected":false},"excerpt":{"rendered":"<p>Les cookies o dispositiu d\u2019emmagatzematge i recuperaci\u00f3 de dades, \u00e9s un fitxer enviat per una p\u00e0gina web al navegador de l\u2019usuari i que s\u2019emmagatzema autom\u00e0ticament en el terminal d\u2019aquest perqu\u00e8 la p\u00e0gina web en q\u00fcesti\u00f3 pugui consultar l\u2019activitat pr\u00e8via de l\u2019usuari i \u201crecon\u00e8ixer-lo\u201d. &nbsp; Les cookies poden recordar altres tipus d\u2019informaci\u00f3 personal, com ara la [&hellip;]<\/p>\n","protected":false},"author":1,"featured_media":0,"parent":0,"menu_order":19,"comment_status":"closed","ping_status":"closed","template":"app-templates\/page-legal.php","meta":{"footnotes":""},"class_list":["post-160","page","type-page","status-publish","hentry"],"acf":[],"_links":{"self":[{"href":"https:\/\/theforeignoffice.net\/ca\/wp-json\/wp\/v2\/pages\/160","targetHints":{"allow":["GET"]}}],"collection":[{"href":"https:\/\/theforeignoffice.net\/ca\/wp-json\/wp\/v2\/pages"}],"about":[{"href":"https:\/\/theforeignoffice.net\/ca\/wp-json\/wp\/v2\/types\/page"}],"author":[{"embeddable":true,"href":"https:\/\/theforeignoffice.net\/ca\/wp-json\/wp\/v2\/users\/1"}],"replies":[{"embeddable":true,"href":"https:\/\/theforeignoffice.net\/ca\/wp-json\/wp\/v2\/comments?post=160"}],"version-history":[{"count":3,"href":"https:\/\/theforeignoffice.net\/ca\/wp-json\/wp\/v2\/pages\/160\/revisions"}],"predecessor-version":[{"id":412,"href":"https:\/\/theforeignoffice.net\/ca\/wp-json\/wp\/v2\/pages\/160\/revisions\/412"}],"wp:attachment":[{"href":"https:\/\/theforeignoffice.net\/ca\/wp-json\/wp\/v2\/media?parent=160"}],"curies":[{"name":"wp","href":"https:\/\/api.w.org\/{rel}","templated":true}]}}