{"id":156,"date":"2023-12-21T10:05:05","date_gmt":"2023-12-21T08:05:05","guid":{"rendered":"https:\/\/theforeignoffice.net\/?page_id=156"},"modified":"2024-01-22T18:50:14","modified_gmt":"2024-01-22T16:50:14","slug":"politica-de-privacitat","status":"publish","type":"page","link":"https:\/\/theforeignoffice.net\/ca\/politica-de-privacitat\/","title":{"rendered":"Pol\u00edtica de privacitat"},"content":{"rendered":"<p>Les seves dades personals seran tractades de manera confidencial i nom\u00e9s per a aquelles finalitats que vost\u00e8 hagi consentit, tal com s&#8217;explica a continuaci\u00f3 a la present Pol\u00edtica de Privacitat i a cada una de les Pol\u00edtiques de Privacitat dels diferents formularis.<\/p>\n<p>&nbsp;<\/p>\n<h2>Comprom\u00eds amb la privacitat<\/h2>\n<p>The Foreign Office Ag\u00e8ncia Liter\u00e0ria S.L. est\u00e0 plenament compromesa amb el compliment de la normativa i el Reglament General de Protecci\u00f3 de Dades de la Uni\u00f3 Europea i la normativa relativa a la protecci\u00f3 de dades de car\u00e0cter personal vigent en cada moment.<\/p>\n<p>The Foreign Office Ag\u00e8ncia Liter\u00e0ria S.L. ha pres la determinaci\u00f3 d&#8217;implementar els principis seg\u00fcents, sent la privacitat la base sobre la qual es configuren tots els tractaments:<\/p>\n<ul>\n<li>La transpar\u00e8ncia en el tractament de dades, sempre que captem dades personals sobre vost\u00e8, informarem degudament de les finalitats de l&#8217;esmentat tractament a la pol\u00edtica de privacitat corresponent.<\/li>\n<li>Sempre tractarem les dades que siguin estrictament necess\u00e0ries per dur a terme el tractament informat.<\/li>\n<li>Mai no l&#8217;obligarem a proporcionar dades personals, tret que realment siguin necess\u00e0ries per prestar-li el servei que en el seu cas ens sol\u00b7liciti.<\/li>\n<li>No compartirem dades amb cap tercer, tret d&#8217;aquells prove\u00efdors que ens prestin un servei, o amb aquells dels quals vost\u00e8 hagi estat pr\u00e8viament informat i ens hagi donat el seu consentiment.<\/li>\n<\/ul>\n<p>The Foreign Office Ag\u00e8ncia Liter\u00e0ria S.L. obt\u00e9 les seves dades personals per poder gestionar les seves sol\u00b7licituds i oferir-li els serveis i productes en qu\u00e8 pugui estar interessat. En concret, tractem les seves dades personals amb les finalitats seg\u00fcents:<\/p>\n<ul>\n<li>Poder atendre les seves consultes, preguntes o sol\u00b7licituds realitzades a trav\u00e9s dels canals d&#8217;atenci\u00f3 o comunicaci\u00f3 o premsa identificats a cada p\u00e0gina web i posar-nos en contacte amb vost\u00e8 per solucionar-les.<\/li>\n<li>Per millorar les nostres p\u00e0gines web, serveis i productes i oferir un millor servei i contingut.<\/li>\n<li>Per oferir-li acc\u00e9s als espais restringits de la nostra p\u00e0gina web (el registre pot exigir l&#8217;acceptaci\u00f3 d&#8217;una pol\u00edtica de privacitat espec\u00edfica).<\/li>\n<\/ul>\n<p>&nbsp;<\/p>\n<h2>Enviament de comunicacions comercials<\/h2>\n<p>The Foreign Office Ag\u00e8ncia Liter\u00e0ria S.L. pot facilitar-li recursos de registre o subscripci\u00f3 a not\u00edcies o informaci\u00f3 general o comercial de la companyia. Aquests recursos estaran sempre subjectes al seu consentiment per remetre-les.<\/p>\n<p>En el sup\u00f2sit que ens hagi autoritzat, The Foreign Office Ag\u00e8ncia Liter\u00e0ria S.L. li enviar\u00e0 informaci\u00f3 sobre els seus productes, activitats i serveis personalitzats per a vost\u00e8, d&#8217;acord amb els seus gustos i les seves prefer\u00e8ncies.<\/p>\n<p>Podr\u00e0 revocar el seu consentiment a rebre comunicacions comercials en qualsevol moment, mitjan\u00e7ant el link o bot\u00f3 a l&#8217;efecte en cada una de les comunicacions.<\/p>\n<h2>Durada del tractament i termini de conservaci\u00f3<\/h2>\n<p>A The Foreign Office Ag\u00e8ncia Liter\u00e0ria S.L., tractem les dades personals mentre realment ens siguin \u00fatils i puguem oferir-li un servei de qualitat. Per aix\u00f2, miminitzem el termini de tractament i la conservaci\u00f3 de les dades personals.<\/p>\n<p>En qualsevol cas, i encara que ens sol\u00b7liciti que eliminem les seves dades, podrem conservar-les i mantenir-les, sota el bloqueig adient, durant el termini necessari per complir les nostres obligacions legals.<\/p>\n<h2>Exercici de drets i reclamacions davant de l&#8217;AEPD<\/h2>\n<p>Com a conseq\u00fc\u00e8ncia del tractament de les seves dades personals per part de The Foreign Office Ag\u00e8ncia Liter\u00e0ria S.L., la legislaci\u00f3 vigent li atorga un seguit de drets:<\/p>\n<ul>\n<li>Dret d&#8217;acc\u00e9s: Vost\u00e8 tindr\u00e0 dret a con\u00e8ixer les dades personals que tractem sobre vost\u00e8 i les finalitats amb qu\u00e8 les tractem.<\/li>\n<li>Dret de rectificaci\u00f3: Pot sol\u00b7licitar-nos la seva rectificaci\u00f3 en qualsevol moment en cas que aquelles que estiguessin als nostres registres fossin err\u00f2nies.<\/li>\n<li>Dret de supressi\u00f3: Podr\u00e0 sol\u00b7licitar, en qualsevol moment, que les seves dades personals siguin suprimides dels nostres fitxers.<\/li>\n<li>Dret d\u2019oposici\u00f3: Vost\u00e8 podr\u00e0 oposar-se al tractament de les seves dades en relaci\u00f3 amb qualsevol de les finalitats amb qu\u00e8 tractem les seves dades, d&#8217;acord amb les pol\u00edtiques de privacitat aplicables en cada cas.<\/li>\n<li>Dret de limitaci\u00f3 del tractament: Vost\u00e8 podr\u00e0 sol\u00b7licitar la limitaci\u00f3 del tractament, si considera que les dades que mantenim sobre vost\u00e8 no s\u00f3n correctes o exactes; si en cas que vost\u00e8 consideri que no estem tractant les seves dades de manera leg\u00edtima i prefereix que limitem el tractament d&#8217;aquestes a la seva eliminaci\u00f3; si les dades que mantenim ja no ens s\u00f3n necess\u00e0ries conforme a la finalitat per a la qual les vam recollir.<\/li>\n<\/ul>\n<p>&nbsp;<\/p>\n<h2>Confidencialitat<\/h2>\n<p>Ens comprometem a tractar les seves dades amb la m\u00e0xima confidencialitat i discreci\u00f3, com tamb\u00e9 a implementar totes les mesures de seguretat que considerem oportunes i raonables.<\/p>\n","protected":false},"excerpt":{"rendered":"<p>Les seves dades personals seran tractades de manera confidencial i nom\u00e9s per a aquelles finalitats que vost\u00e8 hagi consentit, tal com s&#8217;explica a continuaci\u00f3 a la present Pol\u00edtica de Privacitat i a cada una de les Pol\u00edtiques de Privacitat dels diferents formularis. &nbsp; Comprom\u00eds amb la privacitat The Foreign Office Ag\u00e8ncia Liter\u00e0ria S.L. est\u00e0 plenament [&hellip;]<\/p>\n","protected":false},"author":1,"featured_media":0,"parent":0,"menu_order":22,"comment_status":"closed","ping_status":"closed","template":"app-templates\/page-legal.php","meta":{"footnotes":""},"class_list":["post-156","page","type-page","status-publish","hentry"],"acf":[],"_links":{"self":[{"href":"https:\/\/theforeignoffice.net\/ca\/wp-json\/wp\/v2\/pages\/156","targetHints":{"allow":["GET"]}}],"collection":[{"href":"https:\/\/theforeignoffice.net\/ca\/wp-json\/wp\/v2\/pages"}],"about":[{"href":"https:\/\/theforeignoffice.net\/ca\/wp-json\/wp\/v2\/types\/page"}],"author":[{"embeddable":true,"href":"https:\/\/theforeignoffice.net\/ca\/wp-json\/wp\/v2\/users\/1"}],"replies":[{"embeddable":true,"href":"https:\/\/theforeignoffice.net\/ca\/wp-json\/wp\/v2\/comments?post=156"}],"version-history":[{"count":4,"href":"https:\/\/theforeignoffice.net\/ca\/wp-json\/wp\/v2\/pages\/156\/revisions"}],"predecessor-version":[{"id":815,"href":"https:\/\/theforeignoffice.net\/ca\/wp-json\/wp\/v2\/pages\/156\/revisions\/815"}],"wp:attachment":[{"href":"https:\/\/theforeignoffice.net\/ca\/wp-json\/wp\/v2\/media?parent=156"}],"curies":[{"name":"wp","href":"https:\/\/api.w.org\/{rel}","templated":true}]}}